{"id":1318,"date":"2021-11-21T15:14:19","date_gmt":"2021-11-21T15:14:19","guid":{"rendered":"https:\/\/atafoods.com\/about\/"},"modified":"2024-02-16T10:11:26","modified_gmt":"2024-02-16T16:11:26","slug":"empresa","status":"publish","type":"page","link":"https:\/\/atafoods.com\/en\/empresa\/","title":{"rendered":"About"},"content":{"rendered":"<div data-elementor-type=\"wp-page\" data-elementor-id=\"1318\" class=\"elementor elementor-1318\">\n\t\t\t\t\t\t<section class=\"elementor-section elementor-top-section elementor-element elementor-element-c8ddeb6 elementor-section-height-min-height elementor-section-boxed elementor-section-height-default elementor-section-items-middle\" data-id=\"c8ddeb6\" data-element_type=\"section\" data-settings=\"{&quot;background_background&quot;:&quot;classic&quot;}\">\n\t\t\t\t\t\t\t<div class=\"elementor-background-overlay\"><\/div>\n\t\t\t\t\t\t\t<div class=\"elementor-container elementor-column-gap-default\">\n\t\t\t\t\t<div class=\"elementor-column elementor-col-100 elementor-top-column elementor-element elementor-element-6a5337e\" data-id=\"6a5337e\" data-element_type=\"column\">\n\t\t\t<div class=\"elementor-widget-wrap elementor-element-populated\">\n\t\t\t\t\t\t<div class=\"elementor-element elementor-element-feefb6c elementor-widget elementor-widget-heading\" data-id=\"feefb6c\" data-element_type=\"widget\" data-widget_type=\"heading.default\">\n\t\t\t\t<div class=\"elementor-widget-container\">\n\t\t\t<style>\/*! elementor - v3.21.0 - 26-05-2024 *\/\n.elementor-heading-title{padding:0;margin:0;line-height:1}.elementor-widget-heading .elementor-heading-title[class*=elementor-size-]>a{color:inherit;font-size:inherit;line-height:inherit}.elementor-widget-heading .elementor-heading-title.elementor-size-small{font-size:15px}.elementor-widget-heading .elementor-heading-title.elementor-size-medium{font-size:19px}.elementor-widget-heading .elementor-heading-title.elementor-size-large{font-size:29px}.elementor-widget-heading .elementor-heading-title.elementor-size-xl{font-size:39px}.elementor-widget-heading .elementor-heading-title.elementor-size-xxl{font-size:59px}<\/style><h1 class=\"elementor-heading-title elementor-size-default\">Our history<\/h1>\t\t<\/div>\n\t\t\t\t<\/div>\n\t\t\t\t\t<\/div>\n\t\t<\/div>\n\t\t\t\t\t<\/div>\n\t\t<\/section>\n\t\t\t\t<section class=\"elementor-section elementor-top-section elementor-element elementor-element-a3faf17 elementor-section-boxed elementor-section-height-default elementor-section-height-default\" data-id=\"a3faf17\" data-element_type=\"section\">\n\t\t\t\t\t\t<div class=\"elementor-container elementor-column-gap-default\">\n\t\t\t\t\t<div class=\"elementor-column elementor-col-50 elementor-top-column elementor-element elementor-element-810782d elementor-hidden-mobile\" data-id=\"810782d\" data-element_type=\"column\">\n\t\t\t<div class=\"elementor-widget-wrap elementor-element-populated\">\n\t\t\t\t\t\t<div class=\"elementor-element elementor-element-266e4d8 elementor-widget elementor-widget-image\" data-id=\"266e4d8\" data-element_type=\"widget\" data-widget_type=\"image.default\">\n\t\t\t\t<div class=\"elementor-widget-container\">\n\t\t\t<style>\/*! elementor - v3.21.0 - 26-05-2024 *\/\n.elementor-widget-image{text-align:center}.elementor-widget-image a{display:inline-block}.elementor-widget-image a img[src$=\".svg\"]{width:48px}.elementor-widget-image img{vertical-align:middle;display:inline-block}<\/style>\t\t\t\t\t\t\t\t\t\t<img fetchpriority=\"high\" decoding=\"async\" width=\"378\" height=\"250\" src=\"https:\/\/atafoods.com\/wp-content\/uploads\/2024\/02\/mision.webp\" class=\"attachment-full size-full wp-image-1964\" alt=\"Mison ATA Ingredientes\" srcset=\"https:\/\/atafoods.com\/wp-content\/uploads\/2024\/02\/mision.webp 378w, https:\/\/atafoods.com\/wp-content\/uploads\/2024\/02\/mision-300x198.webp 300w, https:\/\/atafoods.com\/wp-content\/uploads\/2024\/02\/mision-200x132.webp 200w\" sizes=\"(max-width: 378px) 100vw, 378px\" \/>\t\t\t\t\t\t\t\t\t\t\t\t\t<\/div>\n\t\t\t\t<\/div>\n\t\t\t\t\t<\/div>\n\t\t<\/div>\n\t\t\t\t<div class=\"elementor-column elementor-col-50 elementor-top-column elementor-element elementor-element-3396e55\" data-id=\"3396e55\" data-element_type=\"column\">\n\t\t\t<div class=\"elementor-widget-wrap elementor-element-populated\">\n\t\t\t\t\t\t<div class=\"elementor-element elementor-element-fe309fc elementor-widget elementor-widget-heading\" data-id=\"fe309fc\" data-element_type=\"widget\" data-widget_type=\"heading.default\">\n\t\t\t\t<div class=\"elementor-widget-container\">\n\t\t\t<h4 class=\"elementor-heading-title elementor-size-default\">Mission<\/h4>\t\t<\/div>\n\t\t\t\t<\/div>\n\t\t\t\t<div class=\"elementor-element elementor-element-4745605 elementor-widget elementor-widget-text-editor\" data-id=\"4745605\" data-element_type=\"widget\" data-widget_type=\"text-editor.default\">\n\t\t\t\t<div class=\"elementor-widget-container\">\n\t\t\t<style>\/*! elementor - v3.21.0 - 26-05-2024 *\/\n.elementor-widget-text-editor.elementor-drop-cap-view-stacked .elementor-drop-cap{background-color:#69727d;color:#fff}.elementor-widget-text-editor.elementor-drop-cap-view-framed .elementor-drop-cap{color:#69727d;border:3px solid;background-color:transparent}.elementor-widget-text-editor:not(.elementor-drop-cap-view-default) .elementor-drop-cap{margin-top:8px}.elementor-widget-text-editor:not(.elementor-drop-cap-view-default) .elementor-drop-cap-letter{width:1em;height:1em}.elementor-widget-text-editor .elementor-drop-cap{float:left;text-align:center;line-height:1;font-size:50px}.elementor-widget-text-editor .elementor-drop-cap-letter{display:inline-block}<\/style>\t\t\t\t<p>Be a company dedicated to boost the entire Food Industry with High Technology solutions, by creating value for our customers, suppliers, employees, and partners through permanent innovation, supported by knowledge and experience, offering services and products with exceptional quality.<\/p>\t\t\t\t\t\t<\/div>\n\t\t\t\t<\/div>\n\t\t\t\t\t<\/div>\n\t\t<\/div>\n\t\t\t\t\t<\/div>\n\t\t<\/section>\n\t\t\t\t<section class=\"elementor-section elementor-top-section elementor-element elementor-element-b08ab42 elementor-section-boxed elementor-section-height-default elementor-section-height-default\" data-id=\"b08ab42\" data-element_type=\"section\">\n\t\t\t\t\t\t<div class=\"elementor-container elementor-column-gap-default\">\n\t\t\t\t\t<div class=\"elementor-column elementor-col-50 elementor-top-column elementor-element elementor-element-b457184\" data-id=\"b457184\" data-element_type=\"column\">\n\t\t\t<div class=\"elementor-widget-wrap elementor-element-populated\">\n\t\t\t\t\t\t<div class=\"elementor-element elementor-element-9a40c70 elementor-widget elementor-widget-heading\" data-id=\"9a40c70\" data-element_type=\"widget\" data-widget_type=\"heading.default\">\n\t\t\t\t<div class=\"elementor-widget-container\">\n\t\t\t<h4 class=\"elementor-heading-title elementor-size-default\">Vision<\/h4>\t\t<\/div>\n\t\t\t\t<\/div>\n\t\t\t\t<div class=\"elementor-element elementor-element-81608ca elementor-widget elementor-widget-text-editor\" data-id=\"81608ca\" data-element_type=\"widget\" data-widget_type=\"text-editor.default\">\n\t\t\t\t<div class=\"elementor-widget-container\">\n\t\t\t\t\t\t\t<p>To become an international leading food industry player which provides the best technology  for our customers through innovation and advanced formulations capable of improving products and processes<br \/><br \/><\/p>\t\t\t\t\t\t<\/div>\n\t\t\t\t<\/div>\n\t\t\t\t\t<\/div>\n\t\t<\/div>\n\t\t\t\t<div class=\"elementor-column elementor-col-50 elementor-top-column elementor-element elementor-element-cd5936f elementor-hidden-mobile\" data-id=\"cd5936f\" data-element_type=\"column\">\n\t\t\t<div class=\"elementor-widget-wrap elementor-element-populated\">\n\t\t\t\t\t\t<div class=\"elementor-element elementor-element-71de032 elementor-widget elementor-widget-image\" data-id=\"71de032\" data-element_type=\"widget\" data-widget_type=\"image.default\">\n\t\t\t\t<div class=\"elementor-widget-container\">\n\t\t\t\t\t\t\t\t\t\t\t\t\t<img decoding=\"async\" width=\"378\" height=\"250\" src=\"https:\/\/atafoods.com\/wp-content\/uploads\/2024\/02\/vision.webp\" class=\"attachment-full size-full wp-image-1965\" alt=\"Vision ATA Ingredientes\" srcset=\"https:\/\/atafoods.com\/wp-content\/uploads\/2024\/02\/vision.webp 378w, https:\/\/atafoods.com\/wp-content\/uploads\/2024\/02\/vision-300x198.webp 300w, https:\/\/atafoods.com\/wp-content\/uploads\/2024\/02\/vision-200x132.webp 200w\" sizes=\"(max-width: 378px) 100vw, 378px\" \/>\t\t\t\t\t\t\t\t\t\t\t\t\t<\/div>\n\t\t\t\t<\/div>\n\t\t\t\t\t<\/div>\n\t\t<\/div>\n\t\t\t\t\t<\/div>\n\t\t<\/section>\n\t\t\t\t<section class=\"elementor-section elementor-top-section elementor-element elementor-element-192c738 elementor-section-boxed elementor-section-height-default elementor-section-height-default\" data-id=\"192c738\" data-element_type=\"section\">\n\t\t\t\t\t\t<div class=\"elementor-container elementor-column-gap-default\">\n\t\t\t\t\t<div class=\"elementor-column elementor-col-50 elementor-top-column elementor-element elementor-element-bb46b25 elementor-hidden-mobile\" data-id=\"bb46b25\" data-element_type=\"column\">\n\t\t\t<div class=\"elementor-widget-wrap elementor-element-populated\">\n\t\t\t\t\t\t<div class=\"elementor-element elementor-element-4ad8e4a elementor-widget elementor-widget-image\" data-id=\"4ad8e4a\" data-element_type=\"widget\" data-widget_type=\"image.default\">\n\t\t\t\t<div class=\"elementor-widget-container\">\n\t\t\t\t\t\t\t\t\t\t\t\t\t<img decoding=\"async\" width=\"378\" height=\"250\" src=\"https:\/\/atafoods.com\/wp-content\/uploads\/2024\/02\/historia.webp\" class=\"attachment-full size-full wp-image-1966\" alt=\"Historia ATA Ingredientes\" srcset=\"https:\/\/atafoods.com\/wp-content\/uploads\/2024\/02\/historia.webp 378w, https:\/\/atafoods.com\/wp-content\/uploads\/2024\/02\/historia-300x198.webp 300w, https:\/\/atafoods.com\/wp-content\/uploads\/2024\/02\/historia-200x132.webp 200w\" sizes=\"(max-width: 378px) 100vw, 378px\" \/>\t\t\t\t\t\t\t\t\t\t\t\t\t<\/div>\n\t\t\t\t<\/div>\n\t\t\t\t\t<\/div>\n\t\t<\/div>\n\t\t\t\t<div class=\"elementor-column elementor-col-50 elementor-top-column elementor-element elementor-element-b6754fb\" data-id=\"b6754fb\" data-element_type=\"column\">\n\t\t\t<div class=\"elementor-widget-wrap elementor-element-populated\">\n\t\t\t\t\t\t<div class=\"elementor-element elementor-element-c312e46 elementor-widget elementor-widget-heading\" data-id=\"c312e46\" data-element_type=\"widget\" data-widget_type=\"heading.default\">\n\t\t\t\t<div class=\"elementor-widget-container\">\n\t\t\t<h4 class=\"elementor-heading-title elementor-size-default\">History<\/h4>\t\t<\/div>\n\t\t\t\t<\/div>\n\t\t\t\t<div class=\"elementor-element elementor-element-4d2613b elementor-widget__width-initial elementor-widget elementor-widget-text-editor\" data-id=\"4d2613b\" data-element_type=\"widget\" data-widget_type=\"text-editor.default\">\n\t\t\t\t<div class=\"elementor-widget-container\">\n\t\t\t\t\t\t\t<p>ATA group began operations in Costa Rica in 2014 as a family business whose objective was to develop and offer high-tech formulations for the food industry, taking advantage of the knowledge consolidated for more than 25 years in the food industry by our founding partners. Throughout this time, ATA Functional Ingredients group has consolidated itself in a local and international market, thanks to our process of constant innovation and management of highly technological ingredients. This distinction over our competitors has allowed us to continuously grow and position ourselves as a prominent supplier in industries within different countries and sectors. <\/p>\t\t\t\t\t\t<\/div>\n\t\t\t\t<\/div>\n\t\t\t\t\t<\/div>\n\t\t<\/div>\n\t\t\t\t\t<\/div>\n\t\t<\/section>\n\t\t\t\t<section class=\"elementor-section elementor-top-section elementor-element elementor-element-d3a1e0a elementor-section-boxed elementor-section-height-default elementor-section-height-default\" data-id=\"d3a1e0a\" data-element_type=\"section\">\n\t\t\t\t\t\t<div class=\"elementor-container elementor-column-gap-default\">\n\t\t\t\t\t<div class=\"elementor-column elementor-col-50 elementor-top-column elementor-element elementor-element-25e50ef\" data-id=\"25e50ef\" data-element_type=\"column\">\n\t\t\t<div class=\"elementor-widget-wrap elementor-element-populated\">\n\t\t\t\t\t\t<div class=\"elementor-element elementor-element-0fc705a elementor-widget elementor-widget-heading\" data-id=\"0fc705a\" data-element_type=\"widget\" data-widget_type=\"heading.default\">\n\t\t\t\t<div class=\"elementor-widget-container\">\n\t\t\t<h4 class=\"elementor-heading-title elementor-size-default\">Facilities<\/h4>\t\t<\/div>\n\t\t\t\t<\/div>\n\t\t\t\t<div class=\"elementor-element elementor-element-acbfa1a elementor-widget elementor-widget-text-editor\" data-id=\"acbfa1a\" data-element_type=\"widget\" data-widget_type=\"text-editor.default\">\n\t\t\t\t<div class=\"elementor-widget-container\">\n\t\t\t\t\t\t\t<p>With offices and production plants in Costa Rica and Mexico, we have an excellent positioning to fulfill the Latin American and global markets. Our business group has top-level laboratories that can generate the most advanced formulations as well as carry out pilot tests on our clients' products, thus ensuring the highest quality in the results delivered.<\/p>\t\t\t\t\t\t<\/div>\n\t\t\t\t<\/div>\n\t\t\t\t\t<\/div>\n\t\t<\/div>\n\t\t\t\t<div class=\"elementor-column elementor-col-50 elementor-top-column elementor-element elementor-element-0ebd3bc elementor-hidden-mobile\" data-id=\"0ebd3bc\" data-element_type=\"column\">\n\t\t\t<div class=\"elementor-widget-wrap elementor-element-populated\">\n\t\t\t\t\t\t<div class=\"elementor-element elementor-element-4941675 elementor-widget elementor-widget-image\" data-id=\"4941675\" data-element_type=\"widget\" data-widget_type=\"image.default\">\n\t\t\t\t<div class=\"elementor-widget-container\">\n\t\t\t\t\t\t\t\t\t\t\t\t\t<img loading=\"lazy\" decoding=\"async\" width=\"378\" height=\"250\" src=\"https:\/\/atafoods.com\/wp-content\/uploads\/2024\/02\/laboratorio.webp\" class=\"attachment-full size-full wp-image-1967\" alt=\"Laboratorio ATA Ingredientes\" srcset=\"https:\/\/atafoods.com\/wp-content\/uploads\/2024\/02\/laboratorio.webp 378w, https:\/\/atafoods.com\/wp-content\/uploads\/2024\/02\/laboratorio-300x198.webp 300w, https:\/\/atafoods.com\/wp-content\/uploads\/2024\/02\/laboratorio-200x132.webp 200w\" sizes=\"(max-width: 378px) 100vw, 378px\" \/>\t\t\t\t\t\t\t\t\t\t\t\t\t<\/div>\n\t\t\t\t<\/div>\n\t\t\t\t\t<\/div>\n\t\t<\/div>\n\t\t\t\t\t<\/div>\n\t\t<\/section>\n\t\t\t\t<\/div>","protected":false},"excerpt":{"rendered":"<p>Nuestra historia Misi\u00f3n Ser una Empresa dedicada a dar apoyo a toda la Industria Alimentaria con soluciones de Alta Tecnolog\u00eda creando valor para nuestros clientes, proveedores, empleados y socios mediante la innovaci\u00f3n permanente, apoyados en el conocimiento y experiencia ofreciendo servicios y productos de excepcional calidad. Visi\u00f3n Convertirnos en una Empresa L\u00edder y Protagonista a &hellip;<\/p>\n<p class=\"read-more\"> <a class=\"\" href=\"https:\/\/atafoods.com\/en\/empresa\/\"> <span class=\"screen-reader-text\">About<\/span> Read More &raquo;<\/a><\/p>","protected":false},"author":1,"featured_media":0,"parent":0,"menu_order":0,"comment_status":"closed","ping_status":"closed","template":"","meta":{"_uag_custom_page_level_css":"","site-sidebar-layout":"no-sidebar","site-content-layout":"page-builder","ast-site-content-layout":"full-width-container","site-content-style":"unboxed","site-sidebar-style":"unboxed","ast-global-header-display":"","ast-banner-title-visibility":"","ast-main-header-display":"","ast-hfb-above-header-display":"","ast-hfb-below-header-display":"","ast-hfb-mobile-header-display":"","site-post-title":"disabled","ast-breadcrumbs-content":"","ast-featured-img":"disabled","footer-sml-layout":"","theme-transparent-header-meta":"enabled","adv-header-id-meta":"","stick-header-meta":"","header-above-stick-meta":"","header-main-stick-meta":"","header-below-stick-meta":"","astra-migrate-meta-layouts":"set","footnotes":""},"class_list":["post-1318","page","type-page","status-publish","hentry"],"yoast_head":"<!-- This site is optimized with the Yoast SEO plugin v22.8 - https:\/\/yoast.com\/wordpress\/plugins\/seo\/ -->\n<title>Empresa - ATA Foods<\/title>\n<meta name=\"robots\" content=\"index, follow, max-snippet:-1, max-image-preview:large, max-video-preview:-1\" \/>\n<link rel=\"canonical\" href=\"https:\/\/atafoods.com\/en\/empresa\/\" \/>\n<meta property=\"og:locale\" content=\"en_US\" \/>\n<meta property=\"og:type\" content=\"article\" \/>\n<meta property=\"og:title\" content=\"Empresa - ATA Foods\" \/>\n<meta property=\"og:description\" content=\"Nuestra historia Misi\u00f3n Ser una Empresa dedicada a dar apoyo a toda la Industria Alimentaria con soluciones de Alta Tecnolog\u00eda creando valor para nuestros clientes, proveedores, empleados y socios mediante la innovaci\u00f3n permanente, apoyados en el conocimiento y experiencia ofreciendo servicios y productos de excepcional calidad. Visi\u00f3n Convertirnos en una Empresa L\u00edder y Protagonista a &hellip; Empresa Read More &raquo;\" \/>\n<meta property=\"og:url\" content=\"https:\/\/atafoods.com\/en\/empresa\/\" \/>\n<meta property=\"og:site_name\" content=\"ATA Foods\" \/>\n<meta property=\"article:modified_time\" content=\"2024-02-16T16:11:26+00:00\" \/>\n<meta property=\"og:image\" content=\"https:\/\/atafoods.com\/wp-content\/uploads\/2024\/02\/mision.webp\" \/>\n<meta name=\"twitter:card\" content=\"summary_large_image\" \/>\n<meta name=\"twitter:label1\" content=\"Est. reading time\" \/>\n\t<meta name=\"twitter:data1\" content=\"2 minutes\" \/>\n<script type=\"application\/ld+json\" class=\"yoast-schema-graph\">{\"@context\":\"https:\/\/schema.org\",\"@graph\":[{\"@type\":\"WebPage\",\"@id\":\"https:\/\/atafoods.com\/empresa\/\",\"url\":\"https:\/\/atafoods.com\/empresa\/\",\"name\":\"Empresa - ATA Foods\",\"isPartOf\":{\"@id\":\"https:\/\/atafoods.com\/#website\"},\"primaryImageOfPage\":{\"@id\":\"https:\/\/atafoods.com\/empresa\/#primaryimage\"},\"image\":{\"@id\":\"https:\/\/atafoods.com\/empresa\/#primaryimage\"},\"thumbnailUrl\":\"https:\/\/atafoods.com\/wp-content\/uploads\/2024\/02\/mision.webp\",\"datePublished\":\"2021-11-21T15:14:19+00:00\",\"dateModified\":\"2024-02-16T16:11:26+00:00\",\"breadcrumb\":{\"@id\":\"https:\/\/atafoods.com\/empresa\/#breadcrumb\"},\"inLanguage\":\"en-US\",\"potentialAction\":[{\"@type\":\"ReadAction\",\"target\":[\"https:\/\/atafoods.com\/empresa\/\"]}]},{\"@type\":\"ImageObject\",\"inLanguage\":\"en-US\",\"@id\":\"https:\/\/atafoods.com\/empresa\/#primaryimage\",\"url\":\"https:\/\/atafoods.com\/wp-content\/uploads\/2024\/02\/mision.webp\",\"contentUrl\":\"https:\/\/atafoods.com\/wp-content\/uploads\/2024\/02\/mision.webp\"},{\"@type\":\"BreadcrumbList\",\"@id\":\"https:\/\/atafoods.com\/empresa\/#breadcrumb\",\"itemListElement\":[{\"@type\":\"ListItem\",\"position\":1,\"name\":\"Home\",\"item\":\"https:\/\/atafoods.com\/\"},{\"@type\":\"ListItem\",\"position\":2,\"name\":\"Empresa\"}]},{\"@type\":\"WebSite\",\"@id\":\"https:\/\/atafoods.com\/#website\",\"url\":\"https:\/\/atafoods.com\/\",\"name\":\"ATA Foods\",\"description\":\"Alta tecnologia en alimentos\",\"publisher\":{\"@id\":\"https:\/\/atafoods.com\/#organization\"},\"potentialAction\":[{\"@type\":\"SearchAction\",\"target\":{\"@type\":\"EntryPoint\",\"urlTemplate\":\"https:\/\/atafoods.com\/?s={search_term_string}\"},\"query-input\":\"required name=search_term_string\"}],\"inLanguage\":\"en-US\"},{\"@type\":\"Organization\",\"@id\":\"https:\/\/atafoods.com\/#organization\",\"name\":\"ATA Foods\",\"url\":\"https:\/\/atafoods.com\/\",\"logo\":{\"@type\":\"ImageObject\",\"inLanguage\":\"en-US\",\"@id\":\"https:\/\/atafoods.com\/#\/schema\/logo\/image\/\",\"url\":\"https:\/\/atafoods.com\/wp-content\/uploads\/2023\/12\/cropped-Logo-ATA-1.png\",\"contentUrl\":\"https:\/\/atafoods.com\/wp-content\/uploads\/2023\/12\/cropped-Logo-ATA-1.png\",\"width\":754,\"height\":888,\"caption\":\"ATA Foods\"},\"image\":{\"@id\":\"https:\/\/atafoods.com\/#\/schema\/logo\/image\/\"},\"sameAs\":[\"https:\/\/www.youtube.com\/@atafoods8249\"]}]}<\/script>\n<!-- \/ Yoast SEO plugin. -->","yoast_head_json":{"title":"Empresa - ATA Foods","robots":{"index":"index","follow":"follow","max-snippet":"max-snippet:-1","max-image-preview":"max-image-preview:large","max-video-preview":"max-video-preview:-1"},"canonical":"https:\/\/atafoods.com\/en\/empresa\/","og_locale":"en_US","og_type":"article","og_title":"Empresa - ATA Foods","og_description":"Nuestra historia Misi\u00f3n Ser una Empresa dedicada a dar apoyo a toda la Industria Alimentaria con soluciones de Alta Tecnolog\u00eda creando valor para nuestros clientes, proveedores, empleados y socios mediante la innovaci\u00f3n permanente, apoyados en el conocimiento y experiencia ofreciendo servicios y productos de excepcional calidad. Visi\u00f3n Convertirnos en una Empresa L\u00edder y Protagonista a &hellip; Empresa Read More &raquo;","og_url":"https:\/\/atafoods.com\/en\/empresa\/","og_site_name":"ATA Foods","article_modified_time":"2024-02-16T16:11:26+00:00","og_image":[{"url":"https:\/\/atafoods.com\/wp-content\/uploads\/2024\/02\/mision.webp"}],"twitter_card":"summary_large_image","twitter_misc":{"Est. reading time":"2 minutes"},"schema":{"@context":"https:\/\/schema.org","@graph":[{"@type":"WebPage","@id":"https:\/\/atafoods.com\/empresa\/","url":"https:\/\/atafoods.com\/empresa\/","name":"Empresa - ATA Foods","isPartOf":{"@id":"https:\/\/atafoods.com\/#website"},"primaryImageOfPage":{"@id":"https:\/\/atafoods.com\/empresa\/#primaryimage"},"image":{"@id":"https:\/\/atafoods.com\/empresa\/#primaryimage"},"thumbnailUrl":"https:\/\/atafoods.com\/wp-content\/uploads\/2024\/02\/mision.webp","datePublished":"2021-11-21T15:14:19+00:00","dateModified":"2024-02-16T16:11:26+00:00","breadcrumb":{"@id":"https:\/\/atafoods.com\/empresa\/#breadcrumb"},"inLanguage":"en-US","potentialAction":[{"@type":"ReadAction","target":["https:\/\/atafoods.com\/empresa\/"]}]},{"@type":"ImageObject","inLanguage":"en-US","@id":"https:\/\/atafoods.com\/empresa\/#primaryimage","url":"https:\/\/atafoods.com\/wp-content\/uploads\/2024\/02\/mision.webp","contentUrl":"https:\/\/atafoods.com\/wp-content\/uploads\/2024\/02\/mision.webp"},{"@type":"BreadcrumbList","@id":"https:\/\/atafoods.com\/empresa\/#breadcrumb","itemListElement":[{"@type":"ListItem","position":1,"name":"Home","item":"https:\/\/atafoods.com\/"},{"@type":"ListItem","position":2,"name":"Empresa"}]},{"@type":"WebSite","@id":"https:\/\/atafoods.com\/#website","url":"https:\/\/atafoods.com\/","name":"ATA Foods","description":"Alta tecnologia en alimentos","publisher":{"@id":"https:\/\/atafoods.com\/#organization"},"potentialAction":[{"@type":"SearchAction","target":{"@type":"EntryPoint","urlTemplate":"https:\/\/atafoods.com\/?s={search_term_string}"},"query-input":"required name=search_term_string"}],"inLanguage":"en-US"},{"@type":"Organization","@id":"https:\/\/atafoods.com\/#organization","name":"ATA Foods","url":"https:\/\/atafoods.com\/","logo":{"@type":"ImageObject","inLanguage":"en-US","@id":"https:\/\/atafoods.com\/#\/schema\/logo\/image\/","url":"https:\/\/atafoods.com\/wp-content\/uploads\/2023\/12\/cropped-Logo-ATA-1.png","contentUrl":"https:\/\/atafoods.com\/wp-content\/uploads\/2023\/12\/cropped-Logo-ATA-1.png","width":754,"height":888,"caption":"ATA Foods"},"image":{"@id":"https:\/\/atafoods.com\/#\/schema\/logo\/image\/"},"sameAs":["https:\/\/www.youtube.com\/@atafoods8249"]}]}},"uagb_featured_image_src":{"full":false,"thumbnail":false,"medium":false,"medium_large":false,"large":false,"1536x1536":false,"2048x2048":false,"trp-custom-language-flag":false,"depicter-thumbnail":false},"uagb_author_info":{"display_name":"mendezmarten","author_link":"https:\/\/atafoods.com\/en\/author\/mendezmarten\/"},"uagb_comment_info":0,"uagb_excerpt":"Nuestra historia Misi\u00f3n Ser una Empresa dedicada a dar apoyo a toda la Industria Alimentaria con soluciones de Alta Tecnolog\u00eda creando valor para nuestros clientes, proveedores, empleados y socios mediante la innovaci\u00f3n permanente, apoyados en el conocimiento y experiencia ofreciendo servicios y productos de excepcional calidad. Visi\u00f3n Convertirnos en una Empresa L\u00edder y Protagonista a&hellip;","_links":{"self":[{"href":"https:\/\/atafoods.com\/en\/wp-json\/wp\/v2\/pages\/1318","targetHints":{"allow":["GET"]}}],"collection":[{"href":"https:\/\/atafoods.com\/en\/wp-json\/wp\/v2\/pages"}],"about":[{"href":"https:\/\/atafoods.com\/en\/wp-json\/wp\/v2\/types\/page"}],"author":[{"embeddable":true,"href":"https:\/\/atafoods.com\/en\/wp-json\/wp\/v2\/users\/1"}],"replies":[{"embeddable":true,"href":"https:\/\/atafoods.com\/en\/wp-json\/wp\/v2\/comments?post=1318"}],"version-history":[{"count":0,"href":"https:\/\/atafoods.com\/en\/wp-json\/wp\/v2\/pages\/1318\/revisions"}],"wp:attachment":[{"href":"https:\/\/atafoods.com\/en\/wp-json\/wp\/v2\/media?parent=1318"}],"curies":[{"name":"wp","href":"https:\/\/api.w.org\/{rel}","templated":true}]}}